{"id":666,"date":"2017-12-19T14:00:30","date_gmt":"2017-12-19T14:00:30","guid":{"rendered":"https:\/\/www.casapetrarca.com\/?page_id=666"},"modified":"2021-02-15T10:21:39","modified_gmt":"2021-02-15T10:21:39","slug":"in-aereo","status":"publish","type":"page","link":"https:\/\/www.casapetrarca.com\/it\/in-aereo\/","title":{"rendered":"In aereo"},"content":{"rendered":"<h2 style=\"text-align: left;\"><strong>Dall\u2019aeroporto &#8220;Marco Polo&#8221; di Venezia:<\/strong><\/h2>\n<p style=\"text-align: left;\">\u00a0<\/p>\n<p style=\"text-align: left;\"><strong>ALILAGUNA, <\/strong><strong>LINEA ARANCIO<\/strong><strong>.<\/strong> <em>E\u2019 il percorso pi\u00f9 veloce, sul Canal Grande arriverete al Ponte di Rialto, da qui sono 500 metri a piedi.<\/em><\/p>\n<ul style=\"text-align: left;\">\n<li>Imbarcarsi sull&#8217;ALILAGUNA &#8211; Linea Arancio (cos\u00ec si chiama il servizio di collegamento acqueo dall&#8217;areoporto al centro storico).\u00a0<\/li>\n<li style=\"text-align: left;\">Dopo 55 minuti scendere alla fermata di <strong>Rialto,<\/strong> girare a destra e, dando le spalle al ponte di Rialto, seguire la strada che costeggia il Canal Grande.\u00a0<\/li>\n<li style=\"text-align: left;\">Al termine girare a sinistra in\u00a0calle del Carbon.<\/li>\n<li style=\"text-align: left;\">Percorrere tutta la calle fino ad arrivare in Campo San Luca<\/li>\n<li style=\"text-align: left;\">Da Campo San Luca imboccare calle dei Fuseri (angolo negozio H&amp;M), e percorrerla fino a girare nella seconda calle a sinistra e subito dopo\u00a0nella\u00a0prima calle a destra, <strong>calle de le Schiavine<\/strong>, dove alla fine, sopra un piccolo portico sul canale, si trova Casa Petrarca.\u00a0 \u00a0<\/li>\n<\/ul>\n<p style=\"text-align: left;\"><em>Tariffe: <\/em><\/p>\n<p style=\"text-align: left;\"><em>Solo andata EUR 15,00<\/em><\/p>\n<p style=\"text-align: left;\"><em>Andata e ritorno EUR 27.00<\/em><\/p>\n<p style=\"text-align: left;\"><em>Bambini GRATIS sotto i 5 anni con un documento di identit\u00e0.<\/em><\/p>\n<p style=\"text-align: left;\"><em>1 bagaglio pesante e un bagaglio a mano compresi nel prezzo del biglietto. Costo di ogni bagaglio aggiuntivo EUR 3,00\u00a0 \u00a0\u00a0\u00a0\u00a0\u00a0\u00a0\u00a0\u00a0\u00a0\u00a0\u00a0 \u00a0\u00a0\u00a0\u00a0\u00a0\u00a0\u00a0\u00a0\u00a0\u00a0\u00a0\u00a0\u00a0\u00a0\u00a0\u00a0\u00a0\u00a0 \u00a0\u00a0\u00a0\u00a0\u00a0\u00a0\u00a0\u00a0\u00a0\u00a0\u00a0\u00a0 <\/em><\/p>\n<p style=\"text-align: left;\">\u00a0<\/p>\n<p style=\"text-align: left;\"><strong>TAXI ACQUEO PRIVATO<\/strong><\/p>\n<p style=\"text-align: left;\"><strong>E&#8217; possibile arrivare in taxi a pochi passi da Casa Petrarca, chiedete di sbarcare alla fermata \u201cEX TESTOLINI\u201d. Il percorso dura circa 30 min.<\/strong><\/p>\n<p style=\"text-align: left;\"><em>E\u2019 bene per\u00f2 sapere che i taxi privati a Venezia non sono cos\u00ec diffusi e frequenti come nelle altre citt\u00e0, e soprattutto sono decisamente pi\u00f9 costosi\u2026<\/em><\/p>\n<p style=\"text-align: left;\">\u00a0<\/p>\n<p style=\"text-align: left;\"><strong>BUS: <\/strong><em>\u00e8\u00a0pi\u00f9 lento\u00a0e meno pittoresco ma pu\u00f2 essere molto utile nelle ore notturne, quando non c\u00e8 pi\u00f9 il servizio di\u00a0Alilaguna<\/em><\/p>\n<ul style=\"text-align: left;\">\n<li>Dall&#8217;aeroporto prendete il bus linea 5 fino a Piazzale Roma (ca 30 minuti).<\/li>\n<li>Da qui prendete il <strong>vaporetto linea 1 o 1\/ <\/strong>e scendete a <strong><strong>Rialto,\u00a0<\/strong><\/strong>girate a destra e, dando le spalle al ponte di Rialto, seguite la strada che costeggia il Canal Grande.<\/li>\n<li>Al termine girate a sinistra in\u00a0calle del Carbon.<\/li>\n<li>Percorrete tutta la calle fino ad arrivare in Campo San Luca\u00a0<\/li>\n<li>Percorrete calle dei Fuseri (angolo negozio H&amp;M), girare nella seconda calle a sinistra e subito dopo\u00a0nella\u00a0prima calle a destra,\u00a0<strong>calle de le Schiavine<\/strong>, dove alla fine, sopra un piccolo portico sul canale, si trova Casa Petrarca.\u00a0 \u00a0<\/li>\n<\/ul>\n<p style=\"text-align: left;\"><em>Tariffe:<\/em><\/p>\n<p style=\"text-align: left;\"><em>Solo andata EUR 8,00<\/em><\/p>\n<p style=\"text-align: left;\"><em>Andata e ritorno EUR 15,00 <\/em><\/p>\n<p style=\"text-align: left;\"><em>Bambini GRATIS\u00a0 sotto i 6 anni <\/em><\/p>\n<p style=\"text-align: left;\"><em>1 bagaglio pesante compreso nel prezzo del biglietto<\/em><\/p>\n<h2 style=\"text-align: left;\">\u00a0<\/h2>\n<h2 style=\"text-align: left;\"><strong>Dall\u2019aeroporto &#8220;Antonio Canova&#8221; di Treviso\u00a0 <\/strong><\/h2>\n<ul style=\"text-align: left;\">\n<li>Di fronte all\u2019aeroporto prendete l\u2019AUTOBUS ATVO <span style=\"text-decoration: underline;\">linea Treviso \u2013 Venezia (Piazzale Roma).<\/span> Il viaggio dura circa 1 ora.<\/li>\n<li>Da qui prendete il\u00a0<strong>vaporetto linea 1 o 1\/\u00a0<\/strong>e scendete a\u00a0<strong>Rialto,\u00a0<\/strong>girate a destra e, dando le spalle al ponte di Rialto, seguite la strada che costeggia il Canal Grande<\/li>\n<li>Al termine girate a sinistra in\u00a0calle del Carbon.<\/li>\n<li>Percorrete tutta la calle fino ad arrivare in Campo San Luca\u00a0<\/li>\n<li>Percorrete calle dei Fuseri (angolo negozio H&amp;M), girare nella seconda calle a sinistra e subito dopo\u00a0nella\u00a0prima calle a destra,\u00a0<strong>calle de le Schiavine<\/strong>, dove alla fine, sopra un piccolo portico sul canale, si trova Casa Petrarca.\u00a0 \u00a0<\/li>\n<\/ul>\n<p style=\"text-align: left;\"><em>Tariffe:<\/em><\/p>\n<p style=\"text-align: left;\"><em>Solo andata EUR 12,00<\/em><\/p>\n<p style=\"text-align: left;\"><em>Andata e ritorno EUR 22,00 <\/em><\/p>\n<p style=\"text-align: left;\"><em>1 bagaglio pesante compreso nel prezzo del biglietto<\/em><\/p>\n","protected":false},"excerpt":{"rendered":"<p>Dall\u2019aeroporto &#8220;Marco Polo&#8221; di Venezia: \u00a0 ALILAGUNA, LINEA ARANCIO. E\u2019 il percorso pi\u00f9 veloce, sul [&hellip;]<\/p>\n","protected":false},"author":1,"featured_media":791,"parent":0,"menu_order":0,"comment_status":"closed","ping_status":"closed","template":"page-center.php","meta":{"footnotes":""},"class_list":["post-666","page","type-page","status-publish","has-post-thumbnail","hentry"],"_links":{"self":[{"href":"https:\/\/www.casapetrarca.com\/it\/wp-json\/wp\/v2\/pages\/666","targetHints":{"allow":["GET"]}}],"collection":[{"href":"https:\/\/www.casapetrarca.com\/it\/wp-json\/wp\/v2\/pages"}],"about":[{"href":"https:\/\/www.casapetrarca.com\/it\/wp-json\/wp\/v2\/types\/page"}],"author":[{"embeddable":true,"href":"https:\/\/www.casapetrarca.com\/it\/wp-json\/wp\/v2\/users\/1"}],"replies":[{"embeddable":true,"href":"https:\/\/www.casapetrarca.com\/it\/wp-json\/wp\/v2\/comments?post=666"}],"version-history":[{"count":0,"href":"https:\/\/www.casapetrarca.com\/it\/wp-json\/wp\/v2\/pages\/666\/revisions"}],"wp:featuredmedia":[{"embeddable":true,"href":"https:\/\/www.casapetrarca.com\/it\/wp-json\/wp\/v2\/media\/791"}],"wp:attachment":[{"href":"https:\/\/www.casapetrarca.com\/it\/wp-json\/wp\/v2\/media?parent=666"}],"curies":[{"name":"wp","href":"https:\/\/api.w.org\/{rel}","templated":true}]}}