{"id":56,"date":"2015-06-10T12:23:48","date_gmt":"2015-06-10T12:23:48","guid":{"rendered":"https:\/\/www.casapetrarca.com\/?page_id=56"},"modified":"2015-07-10T08:57:36","modified_gmt":"2015-07-10T08:57:36","slug":"itinerario-bizantino-rinascimentale-barocco-neoclassico","status":"publish","type":"page","link":"https:\/\/www.casapetrarca.com\/it\/itinerari\/itinerario-bizantino-rinascimentale-barocco-neoclassico\/","title":{"rendered":"Itinerario bizantino-rinascimentale-barocco-neoclassico"},"content":{"rendered":"<p><strong><span style=\"font-family: Georgia,serif;\"><span style=\"font-size: medium;\">CHIESA DEI GESUATI (1724-1736)<br \/> <\/span><\/span><\/strong><span style=\"font-family: Georgia,serif;\"><span style=\"font-size: medium;\">Progettata da Giorgio Massari. La costruzione all&#8217;esterno presenta dei motivi palladiani mentre l&#8217;interno in stile barocco veneziano si presenta ad una navata. Gli affreschi del soffitto furono realizzati dal Tiepolo. La chiesa conserva anche opere di Tintoretto, Ricci e Piazzetta.<br \/> Vicino alla chiesa si trova lo <strong>SQUERO DI SAN TROVASO<\/strong>, il pi\u00f9 famoso squero veneziano dove si costruiscono ancora le gondole.<\/span><\/span><\/p>\n<p><strong><span style=\"font-family: Georgia,serif;\"><span style=\"font-size: medium;\">CHIESA DI SAN SEBASTIANO (1506-1548)<br \/> <\/span><\/span><\/strong><span style=\"font-family: Georgia,serif;\"><span style=\"font-size: medium;\">\u00c8 in stile rinascimentale e conserva un bellissimo ciclo di affreschi di Paolo Veronese,l&#8217;artista stesso \u00e8 sepolto nella chiesa, vicino all&#8217;organo storico del 1763 costruito dall&#8217;organaro Nicol\u00f2 Moscatelli.<\/span><\/span><\/p>\n<p><strong><span style=\"font-family: Georgia,serif;\"><span style=\"font-size: medium;\">CHIESA DELL\u2019ANGELO RAFFAELE<br \/> <\/span><\/span><\/strong><span style=\"font-family: Georgia,serif;\"><span style=\"font-size: medium;\">Sorge in una delle zone pi\u00f9 antiche della citt\u00e0, tra le prime ad essere colonizzate. \u00c8 del VII secolo. Per 3 volte venne distrutta da un incendio. L\u2019ultima costruzione \u00e8 in stile neoclassico e risale al 1639.<br \/> All&#8217;interno spiccano le sculture di Sebastiano Mariani e le pitture del parapetto della cantoria attribuite a Gianantonio Guardi. L&#8217;imponente organo che possiamo ammirare \u00e8 stato costruito nel 1821.<\/span><\/span><\/p>\n<p><strong><span style=\"font-family: Georgia,serif;\"><span style=\"font-size: medium;\">CHIESA DI SAN NICOLO\u2019 DEI MENDICOLI<br \/> <\/span><\/span><\/strong><span style=\"font-family: Georgia,serif;\"><span style=\"font-size: medium;\">\u00c8 una tra le pi\u00f9 antiche di Venezia: si presume che esistesse gi\u00e0 una prima costruzione nel VII secolo.<br \/> Si possono ammirare opere di diversi pittori appartenenti alla scuola del Veronese. Al suo interno \u00e8 peraltro presente il corpo di San Niceta (martire goto). Pregevole anche l&#8217;organo del XIX secolo.<br \/> Completa il complesso un robusto campanile veneto-bizantino in cotto, anch&#8217;esso risalente al XIII secolo.<br \/> Nel 1973 la chiesa fu usata anche come set cinematografico per il film A Venezia&#8230; un dicembre rosso shocking di Nicolas Roeg.<\/span><\/span><\/p>\n","protected":false},"excerpt":{"rendered":"<p>CHIESA DEI GESUATI (1724-1736) Progettata da Giorgio Massari. La costruzione all&#8217;esterno presenta dei motivi palladiani [&hellip;]<\/p>\n","protected":false},"author":1,"featured_media":377,"parent":40,"menu_order":0,"comment_status":"closed","ping_status":"closed","template":"","meta":{"footnotes":""},"class_list":["post-56","page","type-page","status-publish","has-post-thumbnail","hentry"],"_links":{"self":[{"href":"https:\/\/www.casapetrarca.com\/it\/wp-json\/wp\/v2\/pages\/56","targetHints":{"allow":["GET"]}}],"collection":[{"href":"https:\/\/www.casapetrarca.com\/it\/wp-json\/wp\/v2\/pages"}],"about":[{"href":"https:\/\/www.casapetrarca.com\/it\/wp-json\/wp\/v2\/types\/page"}],"author":[{"embeddable":true,"href":"https:\/\/www.casapetrarca.com\/it\/wp-json\/wp\/v2\/users\/1"}],"replies":[{"embeddable":true,"href":"https:\/\/www.casapetrarca.com\/it\/wp-json\/wp\/v2\/comments?post=56"}],"version-history":[{"count":0,"href":"https:\/\/www.casapetrarca.com\/it\/wp-json\/wp\/v2\/pages\/56\/revisions"}],"up":[{"embeddable":true,"href":"https:\/\/www.casapetrarca.com\/it\/wp-json\/wp\/v2\/pages\/40"}],"wp:featuredmedia":[{"embeddable":true,"href":"https:\/\/www.casapetrarca.com\/it\/wp-json\/wp\/v2\/media\/377"}],"wp:attachment":[{"href":"https:\/\/www.casapetrarca.com\/it\/wp-json\/wp\/v2\/media?parent=56"}],"curies":[{"name":"wp","href":"https:\/\/api.w.org\/{rel}","templated":true}]}}