{"id":430,"date":"2015-07-13T14:11:52","date_gmt":"2015-07-13T14:11:52","guid":{"rendered":"https:\/\/www.casapetrarca.com\/?page_id=430"},"modified":"2015-07-13T14:48:47","modified_gmt":"2015-07-13T14:48:47","slug":"demande-de-disponibilite","status":"publish","type":"page","link":"https:\/\/www.casapetrarca.com\/fr\/demande-de-disponibilite\/","title":{"rendered":"Demande de Disponibilit\u00e9"},"content":{"rendered":"<p>Compl\u00e9tez les cases obligatoires (indiqu\u00e9es par le signe \u00e9toile = *) du <strong>formulaire<\/strong>\u00a0ci-apr\u00e8s. Notre personnel r\u00e9pondra le plus rapidement possible \u00e0 vos questions. Si vous pensez que la r\u00e9ponse que nous vous avons donn\u00e9e est satisfaisante vous pourrez, dans les limites des termes indiqu\u00e9s dans le courriel, confirmer votre r\u00e9servation par l\u2019envoi des donn\u00e9es de votre carte de cr\u00e9dit gr\u00e2ce \u00e0 un formulaire s\u00fbr.<\/p>\n","protected":false},"excerpt":{"rendered":"<p>Compl\u00e9tez les cases obligatoires (indiqu\u00e9es par le signe \u00e9toile = *) du formulaire\u00a0ci-apr\u00e8s. Notre personnel [&hellip;]<\/p>\n","protected":false},"author":1,"featured_media":317,"parent":0,"menu_order":0,"comment_status":"closed","ping_status":"closed","template":"page-form.php","meta":{"footnotes":""},"class_list":["post-430","page","type-page","status-publish","has-post-thumbnail","hentry"],"_links":{"self":[{"href":"https:\/\/www.casapetrarca.com\/fr\/wp-json\/wp\/v2\/pages\/430","targetHints":{"allow":["GET"]}}],"collection":[{"href":"https:\/\/www.casapetrarca.com\/fr\/wp-json\/wp\/v2\/pages"}],"about":[{"href":"https:\/\/www.casapetrarca.com\/fr\/wp-json\/wp\/v2\/types\/page"}],"author":[{"embeddable":true,"href":"https:\/\/www.casapetrarca.com\/fr\/wp-json\/wp\/v2\/users\/1"}],"replies":[{"embeddable":true,"href":"https:\/\/www.casapetrarca.com\/fr\/wp-json\/wp\/v2\/comments?post=430"}],"version-history":[{"count":0,"href":"https:\/\/www.casapetrarca.com\/fr\/wp-json\/wp\/v2\/pages\/430\/revisions"}],"wp:featuredmedia":[{"embeddable":true,"href":"https:\/\/www.casapetrarca.com\/fr\/wp-json\/wp\/v2\/media\/317"}],"wp:attachment":[{"href":"https:\/\/www.casapetrarca.com\/fr\/wp-json\/wp\/v2\/media?parent=430"}],"curies":[{"name":"wp","href":"https:\/\/api.w.org\/{rel}","templated":true}]}}