{"id":28,"date":"2015-06-10T10:48:40","date_gmt":"2015-06-10T10:48:40","guid":{"rendered":"https:\/\/www.casapetrarca.com\/?page_id=28"},"modified":"2021-09-23T07:07:19","modified_gmt":"2021-09-23T07:07:19","slug":"chambres","status":"publish","type":"page","link":"https:\/\/www.casapetrarca.com\/fr\/chambres\/","title":{"rendered":"Chambres"},"content":{"rendered":"<p style=\"text-align: center;\">Les chambres de notre maison sont comme de petits joyaux pos\u00e9es dans un \u00e9crin pr\u00e9cieux, pr\u00eats \u00e0 vous<\/p>\n<p style=\"text-align: center;\">envelopper dans une atmosph\u00e8re romantique et d\u2019autrefois. De chacune, vous pouvez voir un aper\u00e7u fascinant d\u2019une rue typique venitienne \u2018calle\u2019 ou d\u2019un petit canal. Decoration soign\u00e9e, simple mais attentive aux d\u00e9tails, tels que des couvre-lits color\u00e9s, des coussins en velours, des imprim\u00e9s raffin\u00e9es sur les murs et des lampes design.<\/p>\n<p style=\"text-align: center;\">\u00a0<strong>Toutes les chambres ont:<\/strong><\/p>\n<p style=\"text-align: center;\">Tv Led 19\u201d<\/p>\n<p style=\"text-align: center;\">WiFi gratuit et illimit\u00e9<\/p>\n<p style=\"text-align: center;\">Lits jumeaux sur demande et double oreillers<\/p>\n<p style=\"text-align: center;\">Bouilloire avec petite selection de te et tisanes<\/p>\n<p style=\"text-align: center;\">Set complet de serviettes avec un systeme d\u2019assainissement certifi\u00e9<\/p>\n<p style=\"text-align: center;\">Produits de toilettes avec huile Argan, sans colorants, \u00e9cologiques<\/p>\n<p style=\"text-align: center;\">S\u00e8che-cheveux<\/p>\n<p style=\"text-align: center;\">Petit frigo avec deux bouteilles d\u2019eau de bienvenue<\/p>\n<table class=\" aligncenter\" style=\"width: 698px; height: 420px;\">\n<tbody>\n<tr>\n<td style=\"vertical-align: middle;\">\u00a0\u00a0<a href=\"https:\/\/www.casapetrarca.com\/fr\/chambres\/double-shared-bathroom\/\"><img loading=\"lazy\" decoding=\"async\" class=\"alignnone size-full wp-image-1716 aligncenter alignleft\" src=\"https:\/\/www.casapetrarca.com\/content\/uploads\/2020\/05\/camera-bagno-comune1.jpg\" alt=\"camera bagno comune\" width=\"150\" height=\"150\" srcset=\"https:\/\/www.casapetrarca.com\/content\/uploads\/2020\/05\/camera-bagno-comune1.jpg 150w, https:\/\/www.casapetrarca.com\/content\/uploads\/2020\/05\/camera-bagno-comune1-50x50.jpg 50w, https:\/\/www.casapetrarca.com\/content\/uploads\/2020\/05\/camera-bagno-comune1-95x95.jpg 95w\" sizes=\"auto, (max-width: 150px) 100vw, 150px\" \/><\/a><\/td>\n<td style=\"vertical-align: middle;\">\u00a0<\/td>\n<td><a title=\"Double avec salle de bains privee\" href=\"https:\/\/www.casapetrarca.com\/fr\/chambres\/double-avec-salle-de-bains-privee\/%20\"><img loading=\"lazy\" decoding=\"async\" class=\" size-thumbnail wp-image-1363 aligncenter\" src=\"https:\/\/www.casapetrarca.com\/content\/uploads\/2015\/06\/matr-pic-bagno-150x150.jpg\" alt=\"matr-pic-bagno\" width=\"150\" height=\"150\" srcset=\"https:\/\/www.casapetrarca.com\/content\/uploads\/2015\/06\/matr-pic-bagno-150x150.jpg 150w, https:\/\/www.casapetrarca.com\/content\/uploads\/2015\/06\/matr-pic-bagno-95x95.jpg 95w, https:\/\/www.casapetrarca.com\/content\/uploads\/2015\/06\/matr-pic-bagno-170x170.jpg 170w\" sizes=\"auto, (max-width: 150px) 100vw, 150px\" \/><\/a><\/td>\n<\/tr>\n<tr>\n<td><a title=\"Dpuble avec salle de bains privee\" href=\"https:\/\/www.casapetrarca.com\/fr\/chambres\/double-shared-bathroom\/%20\">Double<\/a><br \/><a title=\"Dpuble avec salle de bains privee\" href=\"https:\/\/www.casapetrarca.com\/fr\/chambres\/double-shared-bathroom\/%20\"> salle de bains \u00e0 partager<\/a><\/td>\n<td>\u00a0<\/td>\n<td><a href=\"https:\/\/www.casapetrarca.com\/fr\/chambres\/double-avec-salle-de-bains-privee\/\">Double petite avec<\/a><br \/><a href=\"https:\/\/www.casapetrarca.com\/fr\/chambres\/double-avec-salle-de-bains-privee\/\">salle de bains priv\u00e9e<\/a><\/td>\n<\/tr>\n<tr>\n<td colspan=\"3\"><hr \/><\/td>\n<\/tr>\n<tr>\n<td><a href=\"https:\/\/www.casapetrarca.com\/fr\/chambres\/double-avec-salle-de-bains-privee\/\"><img loading=\"lazy\" decoding=\"async\" class=\" size-thumbnail wp-image-1364 aligncenter\" src=\"https:\/\/www.casapetrarca.com\/content\/uploads\/2015\/06\/matr-bagno-150x150.jpg\" alt=\"matr-pic-bagno\" width=\"150\" height=\"150\" srcset=\"https:\/\/www.casapetrarca.com\/content\/uploads\/2015\/06\/matr-bagno-150x150.jpg 150w, https:\/\/www.casapetrarca.com\/content\/uploads\/2015\/06\/matr-bagno-95x95.jpg 95w, https:\/\/www.casapetrarca.com\/content\/uploads\/2015\/06\/matr-bagno-170x170.jpg 170w\" sizes=\"auto, (max-width: 150px) 100vw, 150px\" \/><\/a><\/td>\n<td><a title=\"Double avec salle de bains privee\" href=\"https:\/\/www.casapetrarca.com\/fr\/chambres\/double-avec-salle-de-bains-privee\/%20\">\u00a0<\/a><\/td>\n<td><a href=\"https:\/\/www.casapetrarca.com\/fr\/chambres\/double-deluxe\/\"><img loading=\"lazy\" decoding=\"async\" class=\"alignnone size-thumbnail wp-image-1364 aligncenter\" src=\"https:\/\/www.casapetrarca.com\/content\/uploads\/2015\/06\/deluxe-150x150.jpg\" alt=\"matr-bagno\" width=\"150\" height=\"150\" \/><\/a><\/td>\n<\/tr>\n<tr>\n<td><a href=\"https:\/\/www.casapetrarca.com\/fr\/chambres\/double-avec-salle-de-bains-privee\/\">Double avec<\/a><br \/><a href=\"https:\/\/www.casapetrarca.com\/fr\/chambres\/double-avec-salle-de-bains-privee\/\">salle de bains priv\u00e9e<\/a><\/td>\n<td><a title=\"Double avec salle de bains privee\" href=\"https:\/\/www.casapetrarca.com\/fr\/chambres\/double-avec-salle-de-bains-privee\/%20\">\u00a0<\/a><\/td>\n<td><a href=\"https:\/\/www.casapetrarca.com\/fr\/chambres\/double-deluxe\/\">Double Deluxe avec salle<\/a><br \/><a href=\"https:\/\/www.casapetrarca.com\/fr\/chambres\/double-deluxe\/\">de bains priv\u00e9e vue canal<\/a><\/td>\n<\/tr>\n<tr>\n<td colspan=\"3\"><hr \/><\/td>\n<\/tr>\n<\/tbody>\n<\/table>\n<p>\u00a0<\/p>\n\n\n<p><\/p>\n","protected":false},"excerpt":{"rendered":"<p>Les chambres de notre maison sont comme de petits joyaux pos\u00e9es dans un \u00e9crin pr\u00e9cieux, [&hellip;]<\/p>\n","protected":false},"author":1,"featured_media":658,"parent":0,"menu_order":0,"comment_status":"closed","ping_status":"closed","template":"page-center.php","meta":{"footnotes":""},"class_list":["post-28","page","type-page","status-publish","has-post-thumbnail","hentry"],"_links":{"self":[{"href":"https:\/\/www.casapetrarca.com\/fr\/wp-json\/wp\/v2\/pages\/28","targetHints":{"allow":["GET"]}}],"collection":[{"href":"https:\/\/www.casapetrarca.com\/fr\/wp-json\/wp\/v2\/pages"}],"about":[{"href":"https:\/\/www.casapetrarca.com\/fr\/wp-json\/wp\/v2\/types\/page"}],"author":[{"embeddable":true,"href":"https:\/\/www.casapetrarca.com\/fr\/wp-json\/wp\/v2\/users\/1"}],"replies":[{"embeddable":true,"href":"https:\/\/www.casapetrarca.com\/fr\/wp-json\/wp\/v2\/comments?post=28"}],"version-history":[{"count":0,"href":"https:\/\/www.casapetrarca.com\/fr\/wp-json\/wp\/v2\/pages\/28\/revisions"}],"wp:featuredmedia":[{"embeddable":true,"href":"https:\/\/www.casapetrarca.com\/fr\/wp-json\/wp\/v2\/media\/658"}],"wp:attachment":[{"href":"https:\/\/www.casapetrarca.com\/fr\/wp-json\/wp\/v2\/media?parent=28"}],"curies":[{"name":"wp","href":"https:\/\/api.w.org\/{rel}","templated":true}]}}