{"id":255,"date":"2015-06-22T11:25:35","date_gmt":"2015-06-22T11:25:35","guid":{"rendered":"https:\/\/www.casapetrarca.com\/?page_id=255"},"modified":"2015-07-10T09:28:11","modified_gmt":"2015-07-10T09:28:11","slug":"itineraires","status":"publish","type":"page","link":"https:\/\/www.casapetrarca.com\/fr\/itineraires\/","title":{"rendered":"Itin\u00e9raires"},"content":{"rendered":"<p><span id=\"result_box\" class=\"\" lang=\"fr\"><span class=\"hps\">Cher client<\/span>, nous <span class=\"hps\">vous proposons 4<\/span> <span class=\"hps\">itin\u00e9raires pour d\u00e9couvrir<\/span> <span class=\"hps\">Venise<\/span> <span class=\"hps alt-edited\">pendant votre s\u00e9jour<\/span>:<\/span><\/p>\n<p><span class=\"hps\">&#8211;<\/span> <a title=\"Itin\u00e9raire Ezra Pound\" href=\"https:\/\/www.casapetrarca.com\/fr\/itineraires\/ezra-pound-itinerary\/\" target=\"_blank\"><span class=\"hps\">ITIN\u00c9RAIRE<\/span> <span class=\"hps\">EZRA POUND<\/span><\/a><\/p>\n<p><span class=\"hps\">&#8211;<\/span>\u00a0 <a title=\"Itin\u00e9raire Hemingway\" href=\"https:\/\/www.casapetrarca.com\/fr\/itineraires\/hemingway-itinerary\/\" target=\"_blank\"><span class=\"hps\">ITIN\u00c9RAIRE<\/span> <span class=\"hps\">HEMINGWAY<\/span><\/a><\/p>\n<p><span class=\"hps\">&#8211;<\/span>\u00a0 <a title=\"Itin\u00e9raire byzantine-renaissance-baroque-n\u00e9oclassique\" href=\"https:\/\/www.casapetrarca.com\/fr\/itineraires\/itineraire-byzantine-renaissance-baroque-neoclassique\/\" target=\"_blank\"><span class=\"hps\">ITIN\u00c9RAIRE<\/span> <span class=\"hps\">BYZANTINE<\/span><span class=\"atn\">&#8211;<\/span>RENAISSANCE <span class=\"hps\">BAROQUE<\/span><span class=\"atn\">&#8211;<\/span>N\u00c9OCLASSIQUE<\/a><\/p>\n<p><span class=\"hps\">&#8211;<\/span>\u00a0 <span class=\"hps\"><a title=\"Itin\u00e9raire Casanova (1725-1798)\" href=\"https:\/\/www.casapetrarca.com\/fr\/itineraires\/itineraire-casanova-1725-1798\/\" target=\"_blank\">ITIN\u00c9RAIRE CASANOVA<\/a><br \/><\/span><\/p>\n","protected":false},"excerpt":{"rendered":"<p>Cher client, nous vous proposons 4 itin\u00e9raires pour d\u00e9couvrir Venise pendant votre s\u00e9jour: &#8211; ITIN\u00c9RAIRE [&hellip;]<\/p>\n","protected":false},"author":1,"featured_media":377,"parent":0,"menu_order":0,"comment_status":"closed","ping_status":"closed","template":"","meta":{"footnotes":""},"class_list":["post-255","page","type-page","status-publish","has-post-thumbnail","hentry"],"_links":{"self":[{"href":"https:\/\/www.casapetrarca.com\/fr\/wp-json\/wp\/v2\/pages\/255","targetHints":{"allow":["GET"]}}],"collection":[{"href":"https:\/\/www.casapetrarca.com\/fr\/wp-json\/wp\/v2\/pages"}],"about":[{"href":"https:\/\/www.casapetrarca.com\/fr\/wp-json\/wp\/v2\/types\/page"}],"author":[{"embeddable":true,"href":"https:\/\/www.casapetrarca.com\/fr\/wp-json\/wp\/v2\/users\/1"}],"replies":[{"embeddable":true,"href":"https:\/\/www.casapetrarca.com\/fr\/wp-json\/wp\/v2\/comments?post=255"}],"version-history":[{"count":0,"href":"https:\/\/www.casapetrarca.com\/fr\/wp-json\/wp\/v2\/pages\/255\/revisions"}],"wp:featuredmedia":[{"embeddable":true,"href":"https:\/\/www.casapetrarca.com\/fr\/wp-json\/wp\/v2\/media\/377"}],"wp:attachment":[{"href":"https:\/\/www.casapetrarca.com\/fr\/wp-json\/wp\/v2\/media?parent=255"}],"curies":[{"name":"wp","href":"https:\/\/api.w.org\/{rel}","templated":true}]}}