{"id":17,"date":"2015-06-10T10:41:24","date_gmt":"2015-06-10T10:41:24","guid":{"rendered":"https:\/\/www.casapetrarca.com\/?page_id=17"},"modified":"2015-08-19T14:11:10","modified_gmt":"2015-08-19T14:11:10","slug":"description","status":"publish","type":"page","link":"https:\/\/www.casapetrarca.com\/fr\/description\/","title":{"rendered":"Description"},"content":{"rendered":"<p><span style=\"font-family: Georgia,serif;\"><span style=\"font-size: medium;\">L\u2019h\u00f4tel se trouve dans le coeur vivant de la ville: \u00e0 3 minutes de la Place Saint-Marc, \u00e0 3 minutes du Rialto, \u00e0 3 minutes du Theatre de La Fenice.<br \/> Le petit d\u00e9jeuner est servi dans une petite salle accueillante qui donne sur un canal.<br \/> Sur demande il peut \u00eatre servi dans la chambre.<\/span><\/span><\/p>\n","protected":false},"excerpt":{"rendered":"<p>L\u2019h\u00f4tel se trouve dans le coeur vivant de la ville: \u00e0 3 minutes de la [&hellip;]<\/p>\n","protected":false},"author":1,"featured_media":311,"parent":0,"menu_order":0,"comment_status":"closed","ping_status":"closed","template":"page-room.php","meta":{"footnotes":""},"class_list":["post-17","page","type-page","status-publish","has-post-thumbnail","hentry"],"_links":{"self":[{"href":"https:\/\/www.casapetrarca.com\/fr\/wp-json\/wp\/v2\/pages\/17","targetHints":{"allow":["GET"]}}],"collection":[{"href":"https:\/\/www.casapetrarca.com\/fr\/wp-json\/wp\/v2\/pages"}],"about":[{"href":"https:\/\/www.casapetrarca.com\/fr\/wp-json\/wp\/v2\/types\/page"}],"author":[{"embeddable":true,"href":"https:\/\/www.casapetrarca.com\/fr\/wp-json\/wp\/v2\/users\/1"}],"replies":[{"embeddable":true,"href":"https:\/\/www.casapetrarca.com\/fr\/wp-json\/wp\/v2\/comments?post=17"}],"version-history":[{"count":0,"href":"https:\/\/www.casapetrarca.com\/fr\/wp-json\/wp\/v2\/pages\/17\/revisions"}],"wp:featuredmedia":[{"embeddable":true,"href":"https:\/\/www.casapetrarca.com\/fr\/wp-json\/wp\/v2\/media\/311"}],"wp:attachment":[{"href":"https:\/\/www.casapetrarca.com\/fr\/wp-json\/wp\/v2\/media?parent=17"}],"curies":[{"name":"wp","href":"https:\/\/api.w.org\/{rel}","templated":true}]}}