{"id":169,"date":"2015-06-16T08:31:14","date_gmt":"2015-06-16T08:31:14","guid":{"rendered":"https:\/\/www.casapetrarca.com\/?page_id=169"},"modified":"2020-03-29T14:30:41","modified_gmt":"2020-03-29T14:30:41","slug":"guestbook-2","status":"publish","type":"page","link":"https:\/\/www.casapetrarca.com\/fr\/guestbook-2\/","title":{"rendered":"Guestbook"},"content":{"rendered":"<div id=\"TA_cdswritereviewlg932\" class=\"TA_cdswritereviewlg\">\u00a0<\/p>\n<h2 style=\"text-align: center;\"><strong>&#8220;<em>Super&#8221;<\/em><\/strong><\/h2>\n<h3 style=\"text-align: center;\">Joli petit h\u00f4tel en bordure de canal, tr\u00e8s bien plac\u00e9 \u00e0 5 min de la place Saint Marc.<\/h3>\n<h3 style=\"text-align: center;\">Tr\u00e8s bon accueil et tr\u00e8s bonne communication (Valentina parle tr\u00e8s bien fran\u00e7ais), tout confort. Nous y avons pass\u00e9 un tr\u00e8s bon s\u00e9jour et le recommandons vivement.<\/h3>\n<h4 style=\"text-align: center;\">Marie De Lange &#8211; Tripadvisor &#8211; Agosto 2019<\/h4>\n<\/div>\n<p>\n<script src=\"http:\/\/www.jscache.com\/wejs?wtype=selfserveprop&amp;uniq=234&amp;locationId=633854&amp;lang=it&amp;rating=true&amp;nreviews=4&amp;writereviewlink=true&amp;popIdx=true&amp;iswide=true&amp;linkt=0\"><\/script><\/p>\n","protected":false},"excerpt":{"rendered":"<p>\u00a0 &#8220;Super&#8221; Joli petit h\u00f4tel en bordure de canal, tr\u00e8s bien plac\u00e9 \u00e0 5 min [&hellip;]<\/p>\n","protected":false},"author":1,"featured_media":1292,"parent":0,"menu_order":0,"comment_status":"closed","ping_status":"closed","template":"page-guest.php","meta":{"footnotes":""},"class_list":["post-169","page","type-page","status-publish","has-post-thumbnail","hentry"],"_links":{"self":[{"href":"https:\/\/www.casapetrarca.com\/fr\/wp-json\/wp\/v2\/pages\/169","targetHints":{"allow":["GET"]}}],"collection":[{"href":"https:\/\/www.casapetrarca.com\/fr\/wp-json\/wp\/v2\/pages"}],"about":[{"href":"https:\/\/www.casapetrarca.com\/fr\/wp-json\/wp\/v2\/types\/page"}],"author":[{"embeddable":true,"href":"https:\/\/www.casapetrarca.com\/fr\/wp-json\/wp\/v2\/users\/1"}],"replies":[{"embeddable":true,"href":"https:\/\/www.casapetrarca.com\/fr\/wp-json\/wp\/v2\/comments?post=169"}],"version-history":[{"count":0,"href":"https:\/\/www.casapetrarca.com\/fr\/wp-json\/wp\/v2\/pages\/169\/revisions"}],"wp:featuredmedia":[{"embeddable":true,"href":"https:\/\/www.casapetrarca.com\/fr\/wp-json\/wp\/v2\/media\/1292"}],"wp:attachment":[{"href":"https:\/\/www.casapetrarca.com\/fr\/wp-json\/wp\/v2\/media?parent=169"}],"curies":[{"name":"wp","href":"https:\/\/api.w.org\/{rel}","templated":true}]}}