{"id":153,"date":"2015-06-12T14:31:49","date_gmt":"2015-06-12T14:31:49","guid":{"rendered":"https:\/\/www.casapetrarca.com\/?page_id=153"},"modified":"2017-12-21T09:57:58","modified_gmt":"2017-12-21T09:57:58","slug":"reservations-et-prix","status":"publish","type":"page","link":"https:\/\/www.casapetrarca.com\/fr\/reservations-et-prix\/","title":{"rendered":"R\u00e9servations et Prix"},"content":{"rendered":"<p><a class=\"btn btn-primary\" <a class=\"btn btn-primary\" href=\"javascript:openbe2('casapetrarca', 3);\"><strong>R\u00e9servation en ligne<\/strong><\/a><\/p>\n<p>Vous d\u00e9sirez v\u00e9rifier maintenant les prix, la disponibilit\u00e9 ou vous voulez r\u00e9server imm\u00e9diatement en choisissant directement votre chambre ? Utilisez notre syst\u00e8me de r\u00e9servation en ligne simple et s\u00fbr! Si le syst\u00e8me ne r\u00e9pond pas \u00e0 vos exigences, nous vous prions de nous contacter en utilisant le formulaire de demande de disponibilit\u00e9 afin de v\u00e9rifier s\u2019il y a eu des annulations de derni\u00e8re minute.<\/p>\n<p>&nbsp;<\/p>\n<p><a class=\"btn btn-primary\" title=\"Demande de Disponibilit\u00e9\" href=\"https:\/\/www.casapetrarca.com\/fr\/demande-de-disponibilite\/\"><strong>Demande de disponibilit\u00e9<\/strong><\/a><\/p>\n<p>Pr\u00e9f\u00e9rez-vous plut\u00f4t demander des informations par courrier \u00e9lectronique \u00e0 notre personnel ? Avez-vous certaines exigences particuli\u00e8res que notre syst\u00e8me de r\u00e9servation en ligne ne r\u00e9ussit pas \u00e0 satisfaire ? Remplissez le formulaire de demande de disponibilit\u00e9, et vous recevrez toutes les r\u00e9ponses que vous attendez directement dans votre bo\u00eete de r\u00e9ception \u00e9lectronique!<\/p>\n","protected":false},"excerpt":{"rendered":"","protected":false},"author":1,"featured_media":317,"parent":0,"menu_order":0,"comment_status":"closed","ping_status":"closed","template":"","meta":{"footnotes":""},"class_list":["post-153","page","type-page","status-publish","has-post-thumbnail","hentry"],"_links":{"self":[{"href":"https:\/\/www.casapetrarca.com\/fr\/wp-json\/wp\/v2\/pages\/153","targetHints":{"allow":["GET"]}}],"collection":[{"href":"https:\/\/www.casapetrarca.com\/fr\/wp-json\/wp\/v2\/pages"}],"about":[{"href":"https:\/\/www.casapetrarca.com\/fr\/wp-json\/wp\/v2\/types\/page"}],"author":[{"embeddable":true,"href":"https:\/\/www.casapetrarca.com\/fr\/wp-json\/wp\/v2\/users\/1"}],"replies":[{"embeddable":true,"href":"https:\/\/www.casapetrarca.com\/fr\/wp-json\/wp\/v2\/comments?post=153"}],"version-history":[{"count":0,"href":"https:\/\/www.casapetrarca.com\/fr\/wp-json\/wp\/v2\/pages\/153\/revisions"}],"wp:featuredmedia":[{"embeddable":true,"href":"https:\/\/www.casapetrarca.com\/fr\/wp-json\/wp\/v2\/media\/317"}],"wp:attachment":[{"href":"https:\/\/www.casapetrarca.com\/fr\/wp-json\/wp\/v2\/media?parent=153"}],"curies":[{"name":"wp","href":"https:\/\/api.w.org\/{rel}","templated":true}]}}