{"id":15,"date":"2015-06-10T10:39:29","date_gmt":"2015-06-10T10:39:29","guid":{"rendered":"https:\/\/www.casapetrarca.com\/?page_id=15"},"modified":"2023-11-12T10:15:07","modified_gmt":"2023-11-12T10:15:07","slug":"home","status":"publish","type":"page","link":"https:\/\/www.casapetrarca.com\/fr\/","title":{"rendered":"Home"},"content":{"rendered":"<h1 style=\"text-align: center;\">L&#8217;hotel Casa Petrarca<\/h1>\n<p style=\"text-align: center;\">est situ\u00e9 au bord du canal Fuseri, dans le centre de Venise, entre la place Saint-Marc et le Pont du Rialto. Il propose des chambres au sein d&#8217;un petit b\u00e2timent historique du XIVe si\u00e8cle.<\/p>\n<p style=\"text-align: center;\">Chaque chambre dispose d\u2019un h\u00e9bergement confortable pour un s\u00e9jour romantique \u00e0 Venise.<\/p>\n<p style=\"text-align: center;\">Un copieux petit d\u00e9jeuner buffet est servi dans le petit salon donnant sur le canal des gondoles.<\/p>\n<p style=\"text-align: center;\">Le petit d\u00e9jeuner est compris dans le prix de la chambre pour les r\u00e9servations effectu\u00e9es sur notre page internet.<\/p>\n<p style=\"text-align: center;\">Vous logerez dans une typique rue v\u00e9nitienne au calme, \u00e0 5 minutes \u00e0 pied du Pont du Rialto et \u00e0 3 minutes de la Place Saint Marc. Les vaporettos, transports pubblique typiques de Venise, s&#8217;arr\u00eatent \u00e0 l&#8217;arret <strong>Rialto<\/strong> toute proche et ils pourront vous conduire \u00e0 la gare Santa Lucia.<\/p>\n<p style=\"text-align: center;\">Le quartier de <strong>San Marco<\/strong> est un excellent choix pour les voyageurs int\u00e9ress\u00e9s par les mus\u00e9es, l\u2019histoire et la romance.<\/p>\n<p style=\"text-align: center;\"><span style=\"font-family: Georgia,serif;\"><span style=\"font-size: medium;\">\u00a0<\/span><\/span><\/p>\n","protected":false},"excerpt":{"rendered":"<p>L&#8217;hotel Casa Petrarca est situ\u00e9 au bord du canal Fuseri, dans le centre de Venise, [&hellip;]<\/p>\n","protected":false},"author":1,"featured_media":0,"parent":0,"menu_order":0,"comment_status":"closed","ping_status":"closed","template":"page-center.php","meta":{"footnotes":""},"class_list":["post-15","page","type-page","status-publish","hentry"],"_links":{"self":[{"href":"https:\/\/www.casapetrarca.com\/fr\/wp-json\/wp\/v2\/pages\/15","targetHints":{"allow":["GET"]}}],"collection":[{"href":"https:\/\/www.casapetrarca.com\/fr\/wp-json\/wp\/v2\/pages"}],"about":[{"href":"https:\/\/www.casapetrarca.com\/fr\/wp-json\/wp\/v2\/types\/page"}],"author":[{"embeddable":true,"href":"https:\/\/www.casapetrarca.com\/fr\/wp-json\/wp\/v2\/users\/1"}],"replies":[{"embeddable":true,"href":"https:\/\/www.casapetrarca.com\/fr\/wp-json\/wp\/v2\/comments?post=15"}],"version-history":[{"count":0,"href":"https:\/\/www.casapetrarca.com\/fr\/wp-json\/wp\/v2\/pages\/15\/revisions"}],"wp:attachment":[{"href":"https:\/\/www.casapetrarca.com\/fr\/wp-json\/wp\/v2\/media?parent=15"}],"curies":[{"name":"wp","href":"https:\/\/api.w.org\/{rel}","templated":true}]}}