{"id":140,"date":"2015-06-12T13:52:22","date_gmt":"2015-06-12T13:52:22","guid":{"rendered":"https:\/\/www.casapetrarca.com\/?page_id=140"},"modified":"2015-07-10T09:17:57","modified_gmt":"2015-07-10T09:17:57","slug":"5-bonnes-raisons-de-reserver-ici","status":"publish","type":"page","link":"https:\/\/www.casapetrarca.com\/fr\/5-bonnes-raisons-de-reserver-ici\/","title":{"rendered":"5 bonnes raisons de r\u00e9server ici"},"content":{"rendered":"<p>1.\u00a0<strong>\u00a0 \u00a0<\/strong><span id=\"result_box\" class=\"\" lang=\"fr\"><strong><span class=\"hps\">OFFRES<\/span> <\/strong><span class=\"hps\"><strong>SP\u00c9CIALES EXCLUSIVE<\/strong><br \/> <\/span><\/span><span id=\"result_box\" class=\"\" lang=\"fr\"><span class=\"hps\">Seulement dans notre<\/span> <span class=\"hps\">site officiel<\/span>, vous <span class=\"hps\">trouverez des offres sp\u00e9ciales<\/span> <span class=\"hps\">pour toutes les occasions<\/span><span class=\"\">!<\/span><\/span><strong><br \/> <\/strong><\/p>\n<p>2.\u00a0\u00a0\u00a0<strong>\u00a0\u00a0PRIVACY<br \/> <\/strong><span id=\"result_box\" class=\"\" lang=\"fr\"><span class=\"hps\">Notre\u00a0<\/span> <span class=\"hps\">syst\u00e8me de r\u00e9servation et<\/span> <span class=\"hps\">toutes vos<\/span> <span class=\"hps\">donn\u00e9es<\/span> <span class=\"hps\">priv\u00e9es<\/span>, <span class=\"hps\">ainsi que<\/span> <span class=\"hps\">ceux<\/span> <span class=\"hps\">des cartes de cr\u00e9dit<\/span>, <span class=\"hps\">sont<\/span> <span class=\"hps\">prot\u00e9g\u00e9es et crypt\u00e9es<\/span> <span class=\"hps\">par<\/span> <span class=\"hps\">128 bits<\/span> <span class=\"hps\">pour garantir<\/span> <span class=\"hps\">la plus haute protection<\/span><span class=\"\">!<\/span><\/span><\/p>\n<p>3.\u00a0\u00a0\u00a0\u00a0 <strong>MEILLEUR PRIX GARANTI<br \/> <\/strong>G<span id=\"result_box\" class=\"\" lang=\"fr\"><span class=\"hps\">r\u00e2ce \u00e0 notre<\/span> <span class=\"hps\">site officiel<\/span>, vous pouvez <span class=\"hps\">toujours<\/span> <span class=\"hps\">obtenir le meilleur prix<\/span><span class=\"\">!<\/span><\/span><\/p>\n<p>4.\u00a0\u00a0\u00a0\u00a0 <strong>EMPLACEMENT CENTRAL<br \/> <\/strong><span id=\"result_box\" class=\"\" lang=\"fr\"><span class=\"hps\">Notre<\/span> <span class=\"hps\">H\u00f4tel<\/span> <span class=\"hps\">est situ\u00e9 dans le<\/span> <span class=\"hps\">coeur de Venise<\/span>: <span class=\"hps\">vous pouvez facilement<\/span> <span class=\"hps\">rejoindre la place<\/span> <span class=\"hps\">Saint-Marc<\/span> <span class=\"hps\">et Rialto<\/span>\u00a0 <span class=\"hps\">en 3 minutes<\/span><span class=\"\">!<\/span><\/span><\/p>\n<p>5.\u00a0\u00a0\u00a0\u00a0 <strong><span id=\"result_box\" class=\"short_text\" lang=\"fr\"><span class=\"hps\">BREAKFAST<\/span> <span class=\"hps\">SUR LE CANAL<br \/> <\/span><\/span><\/strong><span id=\"result_box\" class=\"\" lang=\"fr\"><span class=\"hps\">Petit-d\u00e9jeuner<\/span> <span class=\"hps\">international<\/span> <span class=\"hps\">est<\/span> <span class=\"hps\">servi dans une salle<\/span> <span class=\"hps\">confortable avec vue sur<\/span> <span class=\"hps\">le canal<\/span>; <span class=\"hps\">sur demande<\/span> <span class=\"hps\">peut \u00e9galement \u00eatre servi<\/span> <span class=\"hps\">dans votre chambre<\/span><span class=\"\">!<\/span><\/span><\/p>\n<p>&nbsp;<\/p>\n","protected":false},"excerpt":{"rendered":"<p>1.\u00a0\u00a0 \u00a0OFFRES SP\u00c9CIALES EXCLUSIVE Seulement dans notre site officiel, vous trouverez des offres sp\u00e9ciales pour [&hellip;]<\/p>\n","protected":false},"author":1,"featured_media":380,"parent":0,"menu_order":0,"comment_status":"closed","ping_status":"closed","template":"","meta":{"footnotes":""},"class_list":["post-140","page","type-page","status-publish","has-post-thumbnail","hentry"],"_links":{"self":[{"href":"https:\/\/www.casapetrarca.com\/fr\/wp-json\/wp\/v2\/pages\/140","targetHints":{"allow":["GET"]}}],"collection":[{"href":"https:\/\/www.casapetrarca.com\/fr\/wp-json\/wp\/v2\/pages"}],"about":[{"href":"https:\/\/www.casapetrarca.com\/fr\/wp-json\/wp\/v2\/types\/page"}],"author":[{"embeddable":true,"href":"https:\/\/www.casapetrarca.com\/fr\/wp-json\/wp\/v2\/users\/1"}],"replies":[{"embeddable":true,"href":"https:\/\/www.casapetrarca.com\/fr\/wp-json\/wp\/v2\/comments?post=140"}],"version-history":[{"count":0,"href":"https:\/\/www.casapetrarca.com\/fr\/wp-json\/wp\/v2\/pages\/140\/revisions"}],"wp:featuredmedia":[{"embeddable":true,"href":"https:\/\/www.casapetrarca.com\/fr\/wp-json\/wp\/v2\/media\/380"}],"wp:attachment":[{"href":"https:\/\/www.casapetrarca.com\/fr\/wp-json\/wp\/v2\/media?parent=140"}],"curies":[{"name":"wp","href":"https:\/\/api.w.org\/{rel}","templated":true}]}}