{"id":1336,"date":"2020-03-29T18:40:41","date_gmt":"2020-03-29T18:40:41","guid":{"rendered":"https:\/\/www.casapetrarca.com\/chambres\/small-double-with-private-bathroom\/"},"modified":"2020-05-26T12:30:16","modified_gmt":"2020-05-26T12:30:16","slug":"small-double-room-with-private-bathroom","status":"publish","type":"page","link":"https:\/\/www.casapetrarca.com\/fr\/chambres\/small-double-room-with-private-bathroom\/","title":{"rendered":"Double petite salle de bains priv\u00e9e"},"content":{"rendered":"<p style=\"text-align: center;\">Quand on dit une chambre &#8220;cozy&#8221;\u2026.<\/p>\n<p style=\"text-align: center;\">Jeune r\u00eaveur amoureux, voulez-vous enchanter votre petite amie? Amenez-la ici.<\/p>\n<p style=\"text-align: center;\">Intime et recuillie, avec sa petite salle de bain priv\u00e9e mais bien \u00e9quip\u00e9e, notre chambre double &#8220;cozy&#8221; est un petit nid <strong>romantique au coeur de Venise<\/strong>, ville de l\u2019amour et de la passion.<\/p>\n<p style=\"text-align: center;\">Lieu de charme pour une occasion sp\u00e9ciale, pour passer votre<strong> lune de miel<\/strong> ou pour faire fleurir un amour,<\/p>\n<p style=\"text-align: center;\">\u00a0rapide et facile d\u2019assainissement quotidien, climatis\u00e9e et confortable, elle vous offrira des moments incroyables de d\u00e9tente entre une promenade et l\u2019autre \u00e0 la <strong>d\u00e9couverte de la ville<\/strong>.<\/p>\n<p style=\"text-align: left;\">\u00a0<\/p>\n<div class=\"roomdesc\" style=\"text-align: left;\">\n<p><strong>Toutes les chambres ont:<\/strong><\/p>\n<ul>\n<li>Tv Led 19\u201d<\/li>\n<li>WiFi gratuit et illimit\u00e9<\/li>\n<li>Lits jumeaux sur demande et double oreillers<\/li>\n<li>Bouilloire avec petite selection de te et tisanes<\/li>\n<li>Set complet de serviettes avec un systeme d\u2019assainissement certifi\u00e9<\/li>\n<li>Produits de toilettes avec huile Argan, sans colorants, \u00e9cologiques<\/li>\n<li>S\u00e8che-cheveux<\/li>\n<li>Petit frigo avec deux bouteilles d\u2019eau de bienvenue<\/li>\n<\/ul>\n<\/div>\n","protected":false},"excerpt":{"rendered":"<p>Quand on dit une chambre &#8220;cozy&#8221;\u2026. Jeune r\u00eaveur amoureux, voulez-vous enchanter votre petite amie? Amenez-la [&hellip;]<\/p>\n","protected":false},"author":2,"featured_media":969,"parent":28,"menu_order":0,"comment_status":"closed","ping_status":"closed","template":"page-room.php","meta":{"footnotes":""},"class_list":["post-1336","page","type-page","status-publish","has-post-thumbnail","hentry"],"_links":{"self":[{"href":"https:\/\/www.casapetrarca.com\/fr\/wp-json\/wp\/v2\/pages\/1336","targetHints":{"allow":["GET"]}}],"collection":[{"href":"https:\/\/www.casapetrarca.com\/fr\/wp-json\/wp\/v2\/pages"}],"about":[{"href":"https:\/\/www.casapetrarca.com\/fr\/wp-json\/wp\/v2\/types\/page"}],"author":[{"embeddable":true,"href":"https:\/\/www.casapetrarca.com\/fr\/wp-json\/wp\/v2\/users\/2"}],"replies":[{"embeddable":true,"href":"https:\/\/www.casapetrarca.com\/fr\/wp-json\/wp\/v2\/comments?post=1336"}],"version-history":[{"count":0,"href":"https:\/\/www.casapetrarca.com\/fr\/wp-json\/wp\/v2\/pages\/1336\/revisions"}],"up":[{"embeddable":true,"href":"https:\/\/www.casapetrarca.com\/fr\/wp-json\/wp\/v2\/pages\/28"}],"wp:featuredmedia":[{"embeddable":true,"href":"https:\/\/www.casapetrarca.com\/fr\/wp-json\/wp\/v2\/media\/969"}],"wp:attachment":[{"href":"https:\/\/www.casapetrarca.com\/fr\/wp-json\/wp\/v2\/media?parent=1336"}],"curies":[{"name":"wp","href":"https:\/\/api.w.org\/{rel}","templated":true}]}}