{"id":1331,"date":"2020-04-01T08:15:40","date_gmt":"2020-04-01T08:15:40","guid":{"rendered":"https:\/\/www.casapetrarca.com\/?page_id=1331"},"modified":"2020-05-26T12:18:04","modified_gmt":"2020-05-26T12:18:04","slug":"double-avec-salle-de-bains-privee","status":"publish","type":"page","link":"https:\/\/www.casapetrarca.com\/fr\/chambres\/double-avec-salle-de-bains-privee\/","title":{"rendered":"Chambre double avec salle de bains priv\u00e9e"},"content":{"rendered":"<p style=\"text-align: center;\">Venise est une ville lente, \u00e0 decouvrir jour apr\u00e8s jour et \u00e0 parcourir aujourd\u2019hui plus que jamais, en<br \/>admiration rar\u00e9fi\u00e9e. C\u2019est l\u2019occasion unique pour un s\u00e9jour plus long.<br \/>L\u2019avantage d\u2019etre en plein centre de Venise: rentrer, se reposer un peu et repartir de nouveau plusieurs<br \/>fois par jour.<br \/>Si vous etes de voyageurs detenus et passionn\u00e9s de beaut\u00e9, choisissez nos chambres doubles, immerg\u00e9<br \/>dans l\u2019atmosphere intime de l\u2019ancienne demeure v\u00e9nitienne.<br \/>Elles vous transmettrons ce sentiment incountornable de se sentir comme \u00e0 la maison quand vous rentrez<br \/>le soir, fatigu\u00e9s mais heureux.<br \/>Spacieuses et lumineuses, dot\u00e9es d\u2019une petite salle de bain fonctionnelle et bien equip\u00e9e, elles peuvent<br \/>accuellir, sur demande, une troisi\u00e8me personne.<\/p>\n<p>&nbsp;<\/p>\n<p><strong>\u00c9quipements de la chambre<\/strong>:\u00a0<\/p>\n<ul>\n<li>Salle des bains priv\u00e9e<\/li>\n<li>Climatisation<\/li>\n<li>Tv Led 19\u201d<\/li>\n<li>WiFi gratuit et illimit\u00e9<\/li>\n<li>Letti divisibili dotati di doppi cuscini<\/li>\n<li>Bouilloire avec petite selection de te et tisanes<\/li>\n<li>Set complet de serviettes avec un systeme d\u2019assainissement certifi\u00e9<\/li>\n<li>Produits de toilettes avec huile Argan, sans colorants, \u00e9cologiques<\/li>\n<li>S\u00e8che-cheveux<\/li>\n<li>Petit frigo avec deux bouteilles d\u2019eau de bienvenue<\/li>\n<\/ul>\n","protected":false},"excerpt":{"rendered":"<p>Venise est une ville lente, \u00e0 decouvrir jour apr\u00e8s jour et \u00e0 parcourir aujourd\u2019hui plus [&hellip;]<\/p>\n","protected":false},"author":2,"featured_media":1482,"parent":28,"menu_order":0,"comment_status":"closed","ping_status":"closed","template":"page-room.php","meta":{"footnotes":""},"class_list":["post-1331","page","type-page","status-publish","has-post-thumbnail","hentry"],"_links":{"self":[{"href":"https:\/\/www.casapetrarca.com\/fr\/wp-json\/wp\/v2\/pages\/1331","targetHints":{"allow":["GET"]}}],"collection":[{"href":"https:\/\/www.casapetrarca.com\/fr\/wp-json\/wp\/v2\/pages"}],"about":[{"href":"https:\/\/www.casapetrarca.com\/fr\/wp-json\/wp\/v2\/types\/page"}],"author":[{"embeddable":true,"href":"https:\/\/www.casapetrarca.com\/fr\/wp-json\/wp\/v2\/users\/2"}],"replies":[{"embeddable":true,"href":"https:\/\/www.casapetrarca.com\/fr\/wp-json\/wp\/v2\/comments?post=1331"}],"version-history":[{"count":0,"href":"https:\/\/www.casapetrarca.com\/fr\/wp-json\/wp\/v2\/pages\/1331\/revisions"}],"up":[{"embeddable":true,"href":"https:\/\/www.casapetrarca.com\/fr\/wp-json\/wp\/v2\/pages\/28"}],"wp:featuredmedia":[{"embeddable":true,"href":"https:\/\/www.casapetrarca.com\/fr\/wp-json\/wp\/v2\/media\/1482"}],"wp:attachment":[{"href":"https:\/\/www.casapetrarca.com\/fr\/wp-json\/wp\/v2\/media?parent=1331"}],"curies":[{"name":"wp","href":"https:\/\/api.w.org\/{rel}","templated":true}]}}