{"id":1328,"date":"2020-03-29T18:47:22","date_gmt":"2020-03-29T18:47:22","guid":{"rendered":"https:\/\/www.casapetrarca.com\/chambres\/double-shared-bathroom\/"},"modified":"2020-05-25T18:07:51","modified_gmt":"2020-05-25T18:07:51","slug":"double-shared-bathroom","status":"publish","type":"page","link":"https:\/\/www.casapetrarca.com\/fr\/chambres\/double-shared-bathroom\/","title":{"rendered":"Double salle de bains \u00e0 partager"},"content":{"rendered":"<p>Vous \u00eates un peu sur la route, comme les randonneurs ?<\/p>\n<p>Etes-vous une famille ou un petit group d\u2019amis qui veux partager la salle de bain pour \u00e9conomiser un peu les d\u00e9penses ?<\/p>\n<p>Alors les deux chambres avec une salle de bain \u00e0 partager sont la solution id\u00e9ale pour vous !<\/p>\n<p>La salle de bain en commune est bien equip\u00e9e, spacieuse, avec fenetre, une douche confortable, un lavabo et un bidet.<\/p>\n<p>Elle se touve pr\u00e8s d\u2019une de deux chambres, tandis que la seconde est \u00e0 seulement une dizaine de pas.<\/p>\n<p>Ne vous inquietez pas!<\/p>\n<p>Dans chaque chambre il y a un petit \u2018coin beaut\u00e9\u2019 \u00e9quip\u00e9 d\u2019un lavabo avec de l\u2019eau froide et chaude, un miroir avec la lumi\u00e8re, une \u00e9tag\u00e8re et l\u2019ensemble de serviettes pour vous donner la possibilit\u00e9 de vous laver les mains toutes les fois que vous voulez (respectant les r\u00e8gles d\u2019hygiene et de salubrit\u00e9). Mais \u00e7a sert aussi pour un maquillage, un rasage matinal ou tout simpl\u00e9ment pour se donner un sourire de satisfaction apr\u00e8s une belle journ\u00e9e pass\u00e9 en ville !<\/p>\n<p>&nbsp;<\/p>\n<p><strong>\u00c9quipements de la chambre<\/strong>:\u00a0<\/p>\n<ul>\n<li>Salle des bains priv\u00e9e<\/li>\n<li>Ventilateur de plafond<\/li>\n<li>Tv Led 19\u201d<\/li>\n<li>WiFi gratuit et illimit\u00e9<\/li>\n<li>Letti divisibili dotati di doppi cuscini<\/li>\n<li>Bouilloire avec petite selection de te et tisanes<\/li>\n<li>Set complet de serviettes avec un systeme d\u2019assainissement certifi\u00e9<\/li>\n<li>Produits de toilettes avec huile Argan, sans colorants, \u00e9cologiques<\/li>\n<li>S\u00e8che-cheveux<\/li>\n<li>Petit frigo avec deux bouteilles d\u2019eau de bienvenue<\/li>\n<\/ul>\n","protected":false},"excerpt":{"rendered":"<p>Vous \u00eates un peu sur la route, comme les randonneurs ? Etes-vous une famille ou [&hellip;]<\/p>\n","protected":false},"author":2,"featured_media":1518,"parent":28,"menu_order":0,"comment_status":"closed","ping_status":"closed","template":"page-room.php","meta":{"footnotes":""},"class_list":["post-1328","page","type-page","status-publish","has-post-thumbnail","hentry"],"_links":{"self":[{"href":"https:\/\/www.casapetrarca.com\/fr\/wp-json\/wp\/v2\/pages\/1328","targetHints":{"allow":["GET"]}}],"collection":[{"href":"https:\/\/www.casapetrarca.com\/fr\/wp-json\/wp\/v2\/pages"}],"about":[{"href":"https:\/\/www.casapetrarca.com\/fr\/wp-json\/wp\/v2\/types\/page"}],"author":[{"embeddable":true,"href":"https:\/\/www.casapetrarca.com\/fr\/wp-json\/wp\/v2\/users\/2"}],"replies":[{"embeddable":true,"href":"https:\/\/www.casapetrarca.com\/fr\/wp-json\/wp\/v2\/comments?post=1328"}],"version-history":[{"count":0,"href":"https:\/\/www.casapetrarca.com\/fr\/wp-json\/wp\/v2\/pages\/1328\/revisions"}],"up":[{"embeddable":true,"href":"https:\/\/www.casapetrarca.com\/fr\/wp-json\/wp\/v2\/pages\/28"}],"wp:featuredmedia":[{"embeddable":true,"href":"https:\/\/www.casapetrarca.com\/fr\/wp-json\/wp\/v2\/media\/1518"}],"wp:attachment":[{"href":"https:\/\/www.casapetrarca.com\/fr\/wp-json\/wp\/v2\/media?parent=1328"}],"curies":[{"name":"wp","href":"https:\/\/api.w.org\/{rel}","templated":true}]}}