{"id":1257,"date":"2020-03-25T15:20:10","date_gmt":"2020-03-25T15:20:10","guid":{"rendered":"https:\/\/www.casapetrarca.com\/chambres\/deluxe-room\/"},"modified":"2020-05-10T17:12:29","modified_gmt":"2020-05-10T17:12:29","slug":"double-deluxe","status":"publish","type":"page","link":"https:\/\/www.casapetrarca.com\/fr\/chambres\/double-deluxe\/","title":{"rendered":"Double deluxe avec vue sur le canal de gondoles"},"content":{"rendered":"<p style=\"text-align: center;\">Quoi de plus agr\u00e9able qu\u2019une <strong>chambre romantique<\/strong>avec vue sur le canal de gondoles<\/p>\n<p style=\"text-align: center;\">dans le <strong>coeur de<\/strong> <strong>Venise<\/strong> ?<\/p>\n<p style=\"text-align: center;\">Le clapotis de gondoliers, les amoureux qui s\u2019enlacent au son d\u2019une s\u00e9r\u00e9nade,<\/p>\n<p style=\"text-align: center;\">les palais qui se refl\u00e8tent dans l\u2019eau sous le ciel \u00e9toil\u00e9.<\/p>\n<p style=\"text-align: center;\">Voici l\u2019ambience de notre \u00e9l\u00e9gante chambre <strong>Deluxe<\/strong>, qui depuis son balcon donnant sur le <strong>canal de Fuseri<\/strong>, permet d\u2019admirer l\u2019un des coins les plus pittoresques de la ville.<\/p>\n<p style=\"text-align: center;\">La chambre id\u00e9ale pour <strong>c\u00e9l\u00e9brer<\/strong> de la mani\u00e8re la plus romantique\u00a0vos occasions vraiment sp\u00e9ciales.<\/p>\n<p style=\"text-align: center;\">Spacieuse et lumineuse, d\u00e9cor\u00e9e avec des meubles originaux des ann\u00e9es Trente et un coin salon confortable o\u00f9 vous pouvez, sur demande, prendre le petit d\u00e9jeuner en toute tranquillit\u00e9 et s\u00e9curit\u00e9.<\/p>\n<p style=\"text-align: center;\">C\u2019est l\u00e0 que les couples peuvent vivre de la mani\u00e8re la plus douce et la plus relaxante possible leurs anniversaires et <strong>\u00e9v\u00e8nemments speciaux<\/strong> en se consacrant \u00e0 eux-m\u00eames.<\/p>\n<p style=\"text-align: left;\">\u00a0<\/p>\n<p style=\"text-align: left;\"><strong>\u00c9quipements de la chambre<\/strong>:\u00a0<\/p>\n<ul>\n<li style=\"text-align: left;\">Salle des bains priv\u00e9e<\/li>\n<li style=\"text-align: left;\">Climatisation<\/li>\n<li>Tv Led 19\u201d<\/li>\n<li>WiFi gratuit et illimit\u00e9<\/li>\n<li>Letti divisibili dotati di doppi cuscini<\/li>\n<li>Bouilloire avec petite selection de te et tisanes<\/li>\n<li>Set complet de serviettes avec un systeme d\u2019assainissement certifi\u00e9<\/li>\n<li>Produits de toilettes avec huile Argan, sans colorants, \u00e9cologiques<\/li>\n<li>S\u00e8che-cheveux<\/li>\n<li>Petit frigo avec deux bouteilles d\u2019eau de bienvenue<\/li>\n<\/ul>\n<p>&nbsp;<\/p>\n","protected":false},"excerpt":{"rendered":"<p>Quoi de plus agr\u00e9able qu\u2019une chambre romantiqueavec vue sur le canal de gondoles dans le [&hellip;]<\/p>\n","protected":false},"author":2,"featured_media":1315,"parent":28,"menu_order":0,"comment_status":"closed","ping_status":"closed","template":"page-room.php","meta":{"footnotes":""},"class_list":["post-1257","page","type-page","status-publish","has-post-thumbnail","hentry"],"_links":{"self":[{"href":"https:\/\/www.casapetrarca.com\/fr\/wp-json\/wp\/v2\/pages\/1257","targetHints":{"allow":["GET"]}}],"collection":[{"href":"https:\/\/www.casapetrarca.com\/fr\/wp-json\/wp\/v2\/pages"}],"about":[{"href":"https:\/\/www.casapetrarca.com\/fr\/wp-json\/wp\/v2\/types\/page"}],"author":[{"embeddable":true,"href":"https:\/\/www.casapetrarca.com\/fr\/wp-json\/wp\/v2\/users\/2"}],"replies":[{"embeddable":true,"href":"https:\/\/www.casapetrarca.com\/fr\/wp-json\/wp\/v2\/comments?post=1257"}],"version-history":[{"count":0,"href":"https:\/\/www.casapetrarca.com\/fr\/wp-json\/wp\/v2\/pages\/1257\/revisions"}],"up":[{"embeddable":true,"href":"https:\/\/www.casapetrarca.com\/fr\/wp-json\/wp\/v2\/pages\/28"}],"wp:featuredmedia":[{"embeddable":true,"href":"https:\/\/www.casapetrarca.com\/fr\/wp-json\/wp\/v2\/media\/1315"}],"wp:attachment":[{"href":"https:\/\/www.casapetrarca.com\/fr\/wp-json\/wp\/v2\/media?parent=1257"}],"curies":[{"name":"wp","href":"https:\/\/api.w.org\/{rel}","templated":true}]}}